{"id":241,"date":"2019-08-15T18:46:38","date_gmt":"2019-08-15T16:46:38","guid":{"rendered":"https:\/\/valleedepoupet.com\/a-decouvrir-vallee-de-poupet\/"},"modified":"2019-12-20T10:53:36","modified_gmt":"2019-12-20T09:53:36","slug":"a-decouvrir-vallee-de-poupet","status":"publish","type":"page","link":"https:\/\/valleedepoupet.com\/en\/a-decouvrir-vallee-de-poupet\/","title":{"rendered":"\u00c0 d\u00e9couvrir"},"content":{"rendered":"<p><div class=\"fusion-fullwidth fullwidth-box fusion-builder-row-1 nonhundred-percent-fullwidth non-hundred-percent-height-scrolling\"  style='background-color: rgba(255,255,255,0);background-position: center center;background-repeat: no-repeat;padding-top:0px;padding-right:0px;padding-bottom:0px;padding-left:0px;'><div class=\"fusion-builder-row fusion-row \"><div  class=\"fusion-layout-column fusion_builder_column fusion_builder_column_1_1 fusion-builder-column-1 fusion-one-full fusion-column-first fusion-column-last 1_1\"  style='margin-top:0px;margin-bottom:20px;'>\n\t\t\t\t\t<div class=\"fusion-column-wrapper\" style=\"padding: 0px 0px 0px 0px;background-position:left top;background-repeat:no-repeat;-webkit-background-size:cover;-moz-background-size:cover;-o-background-size:cover;background-size:cover;\"   data-bg-url=\"\">\n\t\t\t\t\t\t<style type=\"text\/css\"><\/style><div class=\"fusion-title title fusion-title-1 fusion-sep-none fusion-title-text fusion-title-size-one\" style=\"margin-top:0px;margin-bottom:31px;\"><h1 class=\"title-heading-left\" style=\"margin:0;\">To discover around us<\/h1><\/div><div class=\"fusion-clearfix\"><\/div>\n\n\t\t\t\t\t<\/div>\n\t\t\t\t<\/div><\/div><\/div><div class=\"fusion-fullwidth fullwidth-box fusion-builder-row-2 nonhundred-percent-fullwidth non-hundred-percent-height-scrolling\"  style='background-color: rgba(255,255,255,0);background-position: center center;background-repeat: no-repeat;padding-top:0px;padding-right:0px;padding-bottom:0px;padding-left:0px;'><div class=\"fusion-builder-row fusion-row \"><div  class=\"fusion-layout-column fusion_builder_column fusion_builder_column_1_1 fusion-builder-column-2 fusion-one-full fusion-column-first fusion-column-last 1_1\"  style='margin-top:0px;margin-bottom:20px;'>\n\t\t\t\t\t<div class=\"fusion-column-wrapper\" style=\"padding: 0px 0px 0px 0px;background-position:left top;background-repeat:no-repeat;-webkit-background-size:cover;-moz-background-size:cover;-o-background-size:cover;background-size:cover;\"   data-bg-url=\"\">\n\t\t\t\t\t\t<div class=\"fusion-flip-boxes flip-boxes row fusion-columns-3 flip-effect-classic equal-heights\"><div class=\"fusion-flip-box-wrapper fusion-column col-lg-4 col-md-4 col-sm-4\"><div class=\"fusion-flip-box flip-left\"><div class=\"flip-box-inner-wrapper\"><div class=\"flip-box-front\" style=\"background-color:#f6f6f6;border-color:rgba(0,0,0,0);border-radius:4px;border-style:solid;border-width:1px;color:#747474;transition-duration:0.4s;background-image: url(&#039;http:\/\/camping.valleedepoupet.com\/wp-content\/uploads\/sites\/2\/2019\/08\/Les-Vikings-1-Ste\u0301phane-Audran-e1565978409343-1024x1024.jpg&#039;);\"><div class=\"flip-box-front-inner\"><h2 class=\"flip-box-heading\" style=\"color:#ffffff;\">Puy du fou<\/h2> <\/div><\/div><div class=\"flip-box-back\" style=\"background-color:#65bc7b;border-color:rgba(0,0,0,0);border-radius:4px;border-style:solid;border-width:1px;color:#ffffff;transition-duration:0.4s;\"><div class=\"flip-box-back-inner\"><h3 class=\"flip-box-heading-back\" style=\"color:#eeeded;\">Puy du fou<\/h3>\n<p>Voted the world\u2019s best park, Puy du Fou offers a multitude of great shows and adventures for the whole family.<\/p>\n<p><a href=\"http:\/\/www.puydufou.com\/\" target=\"_blank\" rel=\"noopener noreferrer\">Learn more<\/a><\/p>\n<\/div><\/div><\/div><\/div><\/div><div class=\"fusion-flip-box-wrapper fusion-column col-lg-4 col-md-4 col-sm-4\"><div class=\"fusion-flip-box flip-left\"><div class=\"flip-box-inner-wrapper\"><div class=\"flip-box-front\" style=\"background-color:#f6f6f6;border-color:rgba(0,0,0,0);border-radius:4px;border-style:solid;border-width:1px;color:#747474;transition-duration:0.4s;background-image: url(&#039;http:\/\/camping.valleedepoupet.com\/wp-content\/uploads\/sites\/2\/2019\/10\/5ca5a3e2cb7f62.39925582.jpg&#039;);\"><div class=\"flip-box-front-inner\"><h2 class=\"flip-box-heading\" style=\"color:#ffffff;\">Festival de Poupet<\/h2> <\/div><\/div><div class=\"flip-box-back\" style=\"background-color:#65bc7b;border-color:rgba(0,0,0,0);border-radius:4px;border-style:solid;border-width:1px;color:#ffffff;transition-duration:0.4s;\"><div class=\"flip-box-back-inner\"><h3 class=\"flip-box-heading-back\" style=\"color:#eeeded;\">Festival de Poupet<\/h3>\n<p>This music festival begun 33 years ago with a local event to become nowadays one of the most famous festival in western France<\/p>\n<p><a href=\"http:\/\/www.festival-poupet.com\/\" target=\"_blank\" rel=\"noopener noreferrer\">Learn more<\/a><\/p>\n<\/div><\/div><\/div><\/div><\/div><div class=\"fusion-flip-box-wrapper fusion-column col-lg-4 col-md-4 col-sm-4\"><div class=\"fusion-flip-box flip-left\"><div class=\"flip-box-inner-wrapper\"><div class=\"flip-box-front\" style=\"background-color:#f6f6f6;border-color:rgba(0,0,0,0);border-radius:4px;border-style:solid;border-width:1px;color:#747474;transition-duration:0.4s;background-image: url(&#039;http:\/\/camping.valleedepoupet.com\/wp-content\/uploads\/sites\/2\/2019\/10\/boutique.jpg&#039;);\"><div class=\"flip-box-front-inner\"><h2 class=\"flip-box-heading\" style=\"color:#ffffff;\">La Savonnerie des collines, a soap factory<\/h2> <\/div><\/div><div class=\"flip-box-back\" style=\"background-color:#65bc7b;border-color:rgba(0,0,0,0);border-radius:4px;border-style:solid;border-width:1px;color:#ffffff;transition-duration:0.4s;\"><div class=\"flip-box-back-inner\"><h3 class=\"flip-box-heading-back\" style=\"color:#eeeded;\">La Savonnerie des collines<\/h3>\n<p>Discover \u201cla savonnerie des collines\u201d a wonderfull soap factory that guides you throughout the making of donkey milk soap<\/p>\n<p><a href=\"http:\/\/www.savonneriedescollines.com\" target=\"_blank\" rel=\"noopener noreferrer\">Learn more<\/a><\/p>\n<\/div><\/div><\/div><\/div><\/div><div class=\"fusion-flip-box-wrapper fusion-column col-lg-4 col-md-4 col-sm-4\"><div class=\"fusion-flip-box flip-left\"><div class=\"flip-box-inner-wrapper\"><div class=\"flip-box-front\" style=\"background-color:#f6f6f6;border-color:rgba(0,0,0,0);border-radius:4px;border-style:solid;border-width:1px;color:#747474;transition-duration:0.4s;background-image: url(&#039;http:\/\/camping.valleedepoupet.com\/wp-content\/uploads\/sites\/2\/2019\/10\/1-1.jpg&#039;);\"><div class=\"flip-box-front-inner\"><h2 class=\"flip-box-heading\" style=\"color:#ffffff;\">Canoe on the S\u00e8vre Nantaise<\/h2> <\/div><\/div><div class=\"flip-box-back\" style=\"background-color:#65bc7b;border-color:rgba(0,0,0,0);border-radius:4px;border-style:solid;border-width:1px;color:#ffffff;transition-duration:0.4s;\"><div class=\"flip-box-back-inner\"><h3 class=\"flip-box-heading-back\" style=\"color:#eeeded;\">Canoe on the S\u00e8vre Nantaise<\/h3>\n<p>Just come and seat in a canoe to discover the secrets of the river Sevre Nantaise<\/p>\n<p>Information : +336 13 69 36 63<\/p>\n<p><a href=\"http:\/\/canoepoupet.fr\/\" target=\"_blank\" rel=\"noopener noreferrer\">Learn more<\/a><\/p>\n<\/div><\/div><\/div><\/div><\/div><div class=\"fusion-flip-box-wrapper fusion-column col-lg-4 col-md-4 col-sm-4\"><div class=\"fusion-flip-box flip-left\"><div class=\"flip-box-inner-wrapper\"><div class=\"flip-box-front\" style=\"background-color:#f6f6f6;border-color:rgba(0,0,0,0);border-radius:4px;border-style:solid;border-width:1px;color:#747474;transition-duration:0.4s;background-image: url(&#039;http:\/\/camping.valleedepoupet.com\/wp-content\/uploads\/sites\/2\/2019\/10\/futuroscope_extravoy18crea_005.jpg&#039;);\"><div class=\"flip-box-front-inner\"><h2 class=\"flip-box-heading\" style=\"color:#ffffff;\">Le Futuroscope<\/h2> <\/div><\/div><div class=\"flip-box-back\" style=\"background-color:#65bc7b;border-color:rgba(0,0,0,0);border-radius:4px;border-style:solid;border-width:1px;color:#ffffff;transition-duration:0.4s;\"><div class=\"flip-box-back-inner\"><h3 class=\"flip-box-heading-back\" style=\"color:#eeeded;\">Le Futuroscope<\/h3>\n<p>Expect the unexpected ! this park is situated 10 minutes from Poitiers and offers you a lot of shows based on multimedia and new technologies.<\/p>\n<p><a href=\"https:\/\/www.futuroscope.com\/\" target=\"_blank\" rel=\"noopener noreferrer\">Learn more<\/a><\/p>\n<\/div><\/div><\/div><\/div><\/div><div class=\"fusion-flip-box-wrapper fusion-column col-lg-4 col-md-4 col-sm-4\"><div class=\"fusion-flip-box flip-left\"><div class=\"flip-box-inner-wrapper\"><div class=\"flip-box-front\" style=\"background-color:#f6f6f6;border-color:rgba(0,0,0,0);border-radius:4px;border-style:solid;border-width:1px;color:#747474;transition-duration:0.4s;background-image: url(&#039;http:\/\/camping.valleedepoupet.com\/wp-content\/uploads\/sites\/2\/2019\/10\/dsc_0050__074990500_1129_16012015.jpg&#039;);\"><div class=\"flip-box-front-inner\"><h2 class=\"flip-box-heading\" style=\"color:#ffffff;\">Oriental Park in Maul\u00e9vrier<\/h2> <\/div><\/div><div class=\"flip-box-back\" style=\"background-color:#65bc7b;border-color:rgba(0,0,0,0);border-radius:4px;border-style:solid;border-width:1px;color:#ffffff;transition-duration:0.4s;\"><div class=\"flip-box-back-inner\"><h3 class=\"flip-box-heading-back\" style=\"color:#eeeded;\">Oriental Park in Maul\u00e9vrier<\/h3>\n<p>This 29 hectare park is one of the biggest Japonese park in Europe ! Just enjoy the beautifulness and quietness of the place.<\/p>\n<p><a href=\"http:\/\/www.parc-oriental.com\/\" target=\"_blank\" rel=\"noopener noreferrer\">Learn more<\/a><\/p>\n<\/div><\/div><\/div><\/div><\/div><div class=\"fusion-flip-box-wrapper fusion-column col-lg-4 col-md-4 col-sm-4\"><div class=\"fusion-flip-box flip-left\"><div class=\"flip-box-inner-wrapper\"><div class=\"flip-box-front\" style=\"background-color:#f6f6f6;border-color:rgba(0,0,0,0);border-radius:4px;border-style:solid;border-width:1px;color:#747474;transition-duration:0.4s;background-image: url(&#039;http:\/\/camping.valleedepoupet.com\/wp-content\/uploads\/sites\/2\/2019\/10\/vue-aerienne-du-chateau.jpg&#039;);\"><div class=\"flip-box-front-inner\"><h2 class=\"flip-box-heading\" style=\"color:#ffffff;\">Tiffauges castle<\/h2> <\/div><\/div><div class=\"flip-box-back\" style=\"background-color:#65bc7b;border-color:rgba(0,0,0,0);border-radius:4px;border-style:solid;border-width:1px;color:#ffffff;transition-duration:0.4s;\"><div class=\"flip-box-back-inner\"><h3 class=\"flip-box-heading-back\" style=\"color:#eeeded;\">Tiffauges castle<\/h3>\n<p>Tiffauges castle is a a place to be discovered in family. You\u2019ll find there a lot activites for the kids as well as for adults<\/p>\n<p><a href=\"http:\/\/chateau-barbe-bleue.vendee.fr\/\" target=\"_blank\" rel=\"noopener noreferrer\">Learn more<\/a><\/p>\n<\/div><\/div><\/div><\/div><\/div><div class=\"fusion-flip-box-wrapper fusion-column col-lg-4 col-md-4 col-sm-4\"><div class=\"fusion-flip-box flip-left\"><div class=\"flip-box-inner-wrapper\"><div class=\"flip-box-front\" style=\"background-color:#f6f6f6;border-color:rgba(0,0,0,0);border-radius:4px;border-style:solid;border-width:1px;color:#747474;transition-duration:0.4s;background-image: url(&#039;http:\/\/camping.valleedepoupet.com\/wp-content\/uploads\/sites\/2\/2019\/10\/fishing-1572408_640.jpg&#039;);\"><div class=\"flip-box-front-inner\"><h2 class=\"flip-box-heading\" style=\"color:#ffffff;\">Fishing lovers<\/h2> <\/div><\/div><div class=\"flip-box-back\" style=\"background-color:#65bc7b;border-color:rgba(0,0,0,0);border-radius:4px;border-style:solid;border-width:1px;color:#ffffff;transition-duration:0.4s;\"><div class=\"flip-box-back-inner\"><h3 class=\"flip-box-heading-back\" style=\"color:#eeeded;\">Fishing lovers<\/h3>\n<p>Local fishing corporation<br \/>\nM. MAUDET Dominique<br \/>\nT\u00e9l : +332.51.67.83.26<\/p>\n<\/div><\/div><\/div><\/div><\/div><div class=\"fusion-flip-box-wrapper fusion-column col-lg-4 col-md-4 col-sm-4\"><div class=\"fusion-flip-box flip-left\"><div class=\"flip-box-inner-wrapper\"><div class=\"flip-box-front\" style=\"background-color:#f6f6f6;border-color:rgba(0,0,0,0);border-radius:4px;border-style:solid;border-width:1px;color:#747474;transition-duration:0.4s;background-image: url(&#039;http:\/\/camping.valleedepoupet.com\/wp-content\/uploads\/sites\/2\/2019\/10\/i-1024x768.jpg&#039;);\"><div class=\"flip-box-front-inner\"><h2 class=\"flip-box-heading\" style=\"color:#ffffff;\">Hikings<\/h2> <\/div><\/div><div class=\"flip-box-back\" style=\"background-color:#65bc7b;border-color:rgba(0,0,0,0);border-radius:4px;border-style:solid;border-width:1px;color:#ffffff;transition-duration:0.4s;\"><div class=\"flip-box-back-inner\"><h3 class=\"flip-box-heading-back\" style=\"color:#eeeded;\">Hikings<\/h3>\n<ul>\n<li>30 Hectares of greenful pathes<\/li>\n<li>SM01 hiking (7kms)<\/li>\n<\/ul>\n<\/div><\/div><\/div><\/div><\/div><div class=\"fusion-flip-box-wrapper fusion-column col-lg-4 col-md-4 col-sm-4\"><div class=\"fusion-flip-box flip-left\"><div class=\"flip-box-inner-wrapper\"><div class=\"flip-box-front\" style=\"background-color:#f6f6f6;border-color:rgba(0,0,0,0);border-radius:4px;border-style:solid;border-width:1px;color:#747474;transition-duration:0.4s;background-image: url(&#039;http:\/\/camping.valleedepoupet.com\/wp-content\/uploads\/sites\/2\/2019\/10\/65580673_2520186154875828_3467769385203007488_n.jpg&#039;);\"><div class=\"flip-box-front-inner\"><h2 class=\"flip-box-heading\" style=\"color:#ffffff;\">Restaurant<\/h2> <\/div><\/div><div class=\"flip-box-back\" style=\"background-color:#65bc7b;border-color:rgba(0,0,0,0);border-radius:4px;border-style:solid;border-width:1px;color:#ffffff;transition-duration:0.4s;\"><div class=\"flip-box-back-inner\"><h3 class=\"flip-box-heading-back\" style=\"color:#eeeded;\">Restaurant<\/h3>\n<p>The restaurant \u201cL\u2019Auberge de Poupet\u201d is only 5 minutes walk from the campsite<br \/>\nT\u00e9l : +332.51.92.33.25<\/p>\n<p><a class=\"black\" href=\"http:\/\/www.auberge-restaurant-poupet.com\/\" target=\"_blank\" rel=\"noopener noreferrer\">www.auberge-restaurant-poupet.com<\/a><\/p>\n<\/div><\/div><\/div><\/div><\/div><div class=\"fusion-flip-box-wrapper fusion-column col-lg-4 col-md-4 col-sm-4\"><div class=\"fusion-flip-box flip-left\"><div class=\"flip-box-inner-wrapper\"><div class=\"flip-box-front\" style=\"background-color:#bcbcbc;border-color:rgba(0,0,0,0);border-radius:4px;border-style:solid;border-width:1px;color:#747474;transition-duration:0.4s;\"><div class=\"flip-box-front-inner\"><h2 class=\"flip-box-heading\" style=\"color:#ffffff;\">Centres de loisirs<\/h2> <\/div><\/div><div class=\"flip-box-back\" style=\"background-color:#65bc7b;border-color:rgba(0,0,0,0);border-radius:4px;border-style:solid;border-width:1px;color:#ffffff;transition-duration:0.4s;\"><div class=\"flip-box-back-inner\"><h3 class=\"flip-box-heading-back\" style=\"color:#eeeded;\">Centres de loisirs<\/h3>\n<p>Centres de loisirs et colos sur l\u2019extension camping<\/p>\n<\/div><\/div><\/div><\/div><\/div><\/div><div class=\"fusion-clearfix\"><\/div><div class=\"fusion-clearfix\"><\/div>\n\n\t\t\t\t\t<\/div>\n\t\t\t\t<\/div><div  class=\"fusion-layout-column fusion_builder_column fusion_builder_column_1_1 fusion-builder-column-3 fusion-one-full fusion-column-first fusion-column-last 1_1\"  style='margin-top:0px;margin-bottom:20px;'>\n\t\t\t\t\t<div class=\"fusion-column-wrapper\" style=\"padding: 0px 0px 0px 0px;background-position:left top;background-repeat:no-repeat;-webkit-background-size:cover;-moz-background-size:cover;-o-background-size:cover;background-size:cover;\"   data-bg-url=\"\">\n\t\t\t\t\t\t<div class=\"fusion-text\"><h2>Nos partenaires<\/h2>\n<p><img decoding=\"async\" class=\"alignnone wp-image-418 size-full\" src=\"http:\/\/camping.valleedepoupet.com\/wp-content\/uploads\/sites\/2\/2019\/10\/logo_Vendee_Tourisme-e1570365114652.png\" alt=\"\" height=\"80\" \/> <img decoding=\"async\" class=\"alignnone size-full wp-image-419\" src=\"http:\/\/camping.valleedepoupet.com\/wp-content\/uploads\/sites\/2\/2019\/10\/LOGOofficeTourismeCCmortagne-2016-01-300x172.png\" alt=\"\" height=\"80\" \/> <img decoding=\"async\" class=\"alignnone size-full wp-image-420\" src=\"http:\/\/camping.valleedepoupet.com\/wp-content\/uploads\/sites\/2\/2019\/10\/Logo_CC-Les-Herbiers-e1570365141887.png\" alt=\"\" height=\"80\" \/><\/p>\n<\/div><div class=\"fusion-clearfix\"><\/div>\n\n\t\t\t\t\t<\/div>\n\t\t\t\t<\/div><\/div><\/div><\/p>\n","protected":false},"excerpt":{"rendered":"","protected":false},"author":4,"featured_media":0,"parent":0,"menu_order":0,"comment_status":"closed","ping_status":"closed","template":"","meta":{"_monsterinsights_skip_tracking":false,"_monsterinsights_sitenote_active":false,"_monsterinsights_sitenote_note":"","_monsterinsights_sitenote_category":0,"footnotes":""},"class_list":["post-241","page","type-page","status-publish","hentry"],"yoast_head":"<!-- This site is optimized with the Yoast SEO plugin v22.9 - https:\/\/yoast.com\/wordpress\/plugins\/seo\/ -->\n<title>\u00c0 d\u00e9couvrir - Camping pr\u00e8s du Puy du Fou \u00e0 Saint Malo du Bois<\/title>\n<meta name=\"description\" content=\"Venez d\u00e9couvrir le Puy du Fou et le bocage vend\u00e9en \u00e0 c\u00f4te de notre camping en bord de s\u00e8vre. Camping \u00e0 10mn du parc et de la Cinescenie.\" \/>\n<meta name=\"robots\" content=\"index, follow, max-snippet:-1, max-image-preview:large, max-video-preview:-1\" \/>\n<link rel=\"canonical\" href=\"https:\/\/valleedepoupet.com\/en\/a-decouvrir-vallee-de-poupet\/\" \/>\n<meta property=\"og:locale\" content=\"en_US\" \/>\n<meta property=\"og:type\" content=\"article\" \/>\n<meta property=\"og:title\" content=\"\u00c0 d\u00e9couvrir - Camping pr\u00e8s du Puy du Fou \u00e0 Saint Malo du Bois\" \/>\n<meta property=\"og:description\" content=\"Venez d\u00e9couvrir le Puy du Fou et le bocage vend\u00e9en \u00e0 c\u00f4te de notre camping en bord de s\u00e8vre. Camping \u00e0 10mn du parc et de la Cinescenie.\" \/>\n<meta property=\"og:url\" content=\"https:\/\/valleedepoupet.com\/en\/a-decouvrir-vallee-de-poupet\/\" \/>\n<meta property=\"og:site_name\" content=\"Camping pr\u00e8s du Puy du Fou \u00e0 Saint Malo du Bois\" \/>\n<meta property=\"article:modified_time\" content=\"2019-12-20T09:53:36+00:00\" \/>\n<meta property=\"og:image\" content=\"http:\/\/camping.valleedepoupet.com\/wp-content\/uploads\/sites\/2\/2019\/10\/logo_Vendee_Tourisme-e1570365114652.png\" \/>\n<meta name=\"twitter:card\" content=\"summary_large_image\" \/>\n<meta name=\"twitter:label1\" content=\"Est. reading time\" \/>\n\t<meta name=\"twitter:data1\" content=\"10 minutes\" \/>\n<script type=\"application\/ld+json\" class=\"yoast-schema-graph\">{\"@context\":\"https:\/\/schema.org\",\"@graph\":[{\"@type\":\"WebPage\",\"@id\":\"https:\/\/valleedepoupet.com\/en\/a-decouvrir-vallee-de-poupet\/\",\"url\":\"https:\/\/valleedepoupet.com\/en\/a-decouvrir-vallee-de-poupet\/\",\"name\":\"\u00c0 d\u00e9couvrir - Camping pr\u00e8s du Puy du Fou \u00e0 Saint Malo du Bois\",\"isPartOf\":{\"@id\":\"https:\/\/valleedepoupet.com\/en\/#website\"},\"primaryImageOfPage\":{\"@id\":\"https:\/\/valleedepoupet.com\/en\/a-decouvrir-vallee-de-poupet\/#primaryimage\"},\"image\":{\"@id\":\"https:\/\/valleedepoupet.com\/en\/a-decouvrir-vallee-de-poupet\/#primaryimage\"},\"thumbnailUrl\":\"http:\/\/camping.valleedepoupet.com\/wp-content\/uploads\/sites\/2\/2019\/10\/logo_Vendee_Tourisme-e1570365114652.png\",\"datePublished\":\"2019-08-15T16:46:38+00:00\",\"dateModified\":\"2019-12-20T09:53:36+00:00\",\"description\":\"Venez d\u00e9couvrir le Puy du Fou et le bocage vend\u00e9en \u00e0 c\u00f4te de notre camping en bord de s\u00e8vre. Camping \u00e0 10mn du parc et de la Cinescenie.\",\"breadcrumb\":{\"@id\":\"https:\/\/valleedepoupet.com\/en\/a-decouvrir-vallee-de-poupet\/#breadcrumb\"},\"inLanguage\":\"en-US\",\"potentialAction\":[{\"@type\":\"ReadAction\",\"target\":[\"https:\/\/valleedepoupet.com\/en\/a-decouvrir-vallee-de-poupet\/\"]}]},{\"@type\":\"ImageObject\",\"inLanguage\":\"en-US\",\"@id\":\"https:\/\/valleedepoupet.com\/en\/a-decouvrir-vallee-de-poupet\/#primaryimage\",\"url\":\"http:\/\/camping.valleedepoupet.com\/wp-content\/uploads\/sites\/2\/2019\/10\/logo_Vendee_Tourisme-e1570365114652.png\",\"contentUrl\":\"http:\/\/camping.valleedepoupet.com\/wp-content\/uploads\/sites\/2\/2019\/10\/logo_Vendee_Tourisme-e1570365114652.png\"},{\"@type\":\"BreadcrumbList\",\"@id\":\"https:\/\/valleedepoupet.com\/en\/a-decouvrir-vallee-de-poupet\/#breadcrumb\",\"itemListElement\":[{\"@type\":\"ListItem\",\"position\":1,\"name\":\"Accueil\",\"item\":\"https:\/\/valleedepoupet.com\/en\/\"},{\"@type\":\"ListItem\",\"position\":2,\"name\":\"\u00c0 d\u00e9couvrir\"}]},{\"@type\":\"WebSite\",\"@id\":\"https:\/\/valleedepoupet.com\/en\/#website\",\"url\":\"https:\/\/valleedepoupet.com\/en\/\",\"name\":\"Camping pr\u00e8s du Puy du Fou \u00e0 Saint Malo du Bois\",\"description\":\"\",\"potentialAction\":[{\"@type\":\"SearchAction\",\"target\":{\"@type\":\"EntryPoint\",\"urlTemplate\":\"https:\/\/valleedepoupet.com\/en\/?s={search_term_string}\"},\"query-input\":\"required name=search_term_string\"}],\"inLanguage\":\"en-US\"}]}<\/script>\n<!-- \/ Yoast SEO plugin. -->","yoast_head_json":{"title":"\u00c0 d\u00e9couvrir - Camping pr\u00e8s du Puy du Fou \u00e0 Saint Malo du Bois","description":"Venez d\u00e9couvrir le Puy du Fou et le bocage vend\u00e9en \u00e0 c\u00f4te de notre camping en bord de s\u00e8vre. Camping \u00e0 10mn du parc et de la Cinescenie.","robots":{"index":"index","follow":"follow","max-snippet":"max-snippet:-1","max-image-preview":"max-image-preview:large","max-video-preview":"max-video-preview:-1"},"canonical":"https:\/\/valleedepoupet.com\/en\/a-decouvrir-vallee-de-poupet\/","og_locale":"en_US","og_type":"article","og_title":"\u00c0 d\u00e9couvrir - Camping pr\u00e8s du Puy du Fou \u00e0 Saint Malo du Bois","og_description":"Venez d\u00e9couvrir le Puy du Fou et le bocage vend\u00e9en \u00e0 c\u00f4te de notre camping en bord de s\u00e8vre. Camping \u00e0 10mn du parc et de la Cinescenie.","og_url":"https:\/\/valleedepoupet.com\/en\/a-decouvrir-vallee-de-poupet\/","og_site_name":"Camping pr\u00e8s du Puy du Fou \u00e0 Saint Malo du Bois","article_modified_time":"2019-12-20T09:53:36+00:00","og_image":[{"url":"http:\/\/camping.valleedepoupet.com\/wp-content\/uploads\/sites\/2\/2019\/10\/logo_Vendee_Tourisme-e1570365114652.png"}],"twitter_card":"summary_large_image","twitter_misc":{"Est. reading time":"10 minutes"},"schema":{"@context":"https:\/\/schema.org","@graph":[{"@type":"WebPage","@id":"https:\/\/valleedepoupet.com\/en\/a-decouvrir-vallee-de-poupet\/","url":"https:\/\/valleedepoupet.com\/en\/a-decouvrir-vallee-de-poupet\/","name":"\u00c0 d\u00e9couvrir - Camping pr\u00e8s du Puy du Fou \u00e0 Saint Malo du Bois","isPartOf":{"@id":"https:\/\/valleedepoupet.com\/en\/#website"},"primaryImageOfPage":{"@id":"https:\/\/valleedepoupet.com\/en\/a-decouvrir-vallee-de-poupet\/#primaryimage"},"image":{"@id":"https:\/\/valleedepoupet.com\/en\/a-decouvrir-vallee-de-poupet\/#primaryimage"},"thumbnailUrl":"http:\/\/camping.valleedepoupet.com\/wp-content\/uploads\/sites\/2\/2019\/10\/logo_Vendee_Tourisme-e1570365114652.png","datePublished":"2019-08-15T16:46:38+00:00","dateModified":"2019-12-20T09:53:36+00:00","description":"Venez d\u00e9couvrir le Puy du Fou et le bocage vend\u00e9en \u00e0 c\u00f4te de notre camping en bord de s\u00e8vre. Camping \u00e0 10mn du parc et de la Cinescenie.","breadcrumb":{"@id":"https:\/\/valleedepoupet.com\/en\/a-decouvrir-vallee-de-poupet\/#breadcrumb"},"inLanguage":"en-US","potentialAction":[{"@type":"ReadAction","target":["https:\/\/valleedepoupet.com\/en\/a-decouvrir-vallee-de-poupet\/"]}]},{"@type":"ImageObject","inLanguage":"en-US","@id":"https:\/\/valleedepoupet.com\/en\/a-decouvrir-vallee-de-poupet\/#primaryimage","url":"http:\/\/camping.valleedepoupet.com\/wp-content\/uploads\/sites\/2\/2019\/10\/logo_Vendee_Tourisme-e1570365114652.png","contentUrl":"http:\/\/camping.valleedepoupet.com\/wp-content\/uploads\/sites\/2\/2019\/10\/logo_Vendee_Tourisme-e1570365114652.png"},{"@type":"BreadcrumbList","@id":"https:\/\/valleedepoupet.com\/en\/a-decouvrir-vallee-de-poupet\/#breadcrumb","itemListElement":[{"@type":"ListItem","position":1,"name":"Accueil","item":"https:\/\/valleedepoupet.com\/en\/"},{"@type":"ListItem","position":2,"name":"\u00c0 d\u00e9couvrir"}]},{"@type":"WebSite","@id":"https:\/\/valleedepoupet.com\/en\/#website","url":"https:\/\/valleedepoupet.com\/en\/","name":"Camping pr\u00e8s du Puy du Fou \u00e0 Saint Malo du Bois","description":"","potentialAction":[{"@type":"SearchAction","target":{"@type":"EntryPoint","urlTemplate":"https:\/\/valleedepoupet.com\/en\/?s={search_term_string}"},"query-input":"required name=search_term_string"}],"inLanguage":"en-US"}]}},"_links":{"self":[{"href":"https:\/\/valleedepoupet.com\/en\/wp-json\/wp\/v2\/pages\/241","targetHints":{"allow":["GET"]}}],"collection":[{"href":"https:\/\/valleedepoupet.com\/en\/wp-json\/wp\/v2\/pages"}],"about":[{"href":"https:\/\/valleedepoupet.com\/en\/wp-json\/wp\/v2\/types\/page"}],"author":[{"embeddable":true,"href":"https:\/\/valleedepoupet.com\/en\/wp-json\/wp\/v2\/users\/4"}],"replies":[{"embeddable":true,"href":"https:\/\/valleedepoupet.com\/en\/wp-json\/wp\/v2\/comments?post=241"}],"version-history":[{"count":5,"href":"https:\/\/valleedepoupet.com\/en\/wp-json\/wp\/v2\/pages\/241\/revisions"}],"predecessor-version":[{"id":254,"href":"https:\/\/valleedepoupet.com\/en\/wp-json\/wp\/v2\/pages\/241\/revisions\/254"}],"wp:attachment":[{"href":"https:\/\/valleedepoupet.com\/en\/wp-json\/wp\/v2\/media?parent=241"}],"curies":[{"name":"wp","href":"https:\/\/api.w.org\/{rel}","templated":true}]}}